{"id":2012,"date":"2025-11-10T15:15:15","date_gmt":"2025-11-10T15:15:15","guid":{"rendered":"https:\/\/solaria.bravisthemes.com\/?page_id=2012"},"modified":"2025-12-29T16:17:58","modified_gmt":"2025-12-29T16:17:58","slug":"contacteaza-ne","status":"publish","type":"page","link":"https:\/\/watttechnology.acvantic.md\/en\/contacteaza-ne\/","title":{"rendered":"Contact us"},"content":{"rendered":"<div data-elementor-type=\"wp-page\" data-elementor-id=\"2012\" class=\"elementor elementor-2012\">\n\t\t\t\t<div class=\"elementor-element elementor-element-bb14cbb e-flex e-con-boxed pxl-column-none pxl-row-scroll-none pxl-zoom-point-false pxl-section-overflow-visible pxl-section-fix-none pxl-full-content-with-space-none pxl-bg-color-none pxl-backdrop-filter-disable pxl-section-overlay-none e-con e-parent\" data-id=\"bb14cbb\" data-element_type=\"container\" data-settings=\"{&quot;background_background&quot;:&quot;classic&quot;}\">\t\t\t<div class=\"e-con-inner\">\r\n\t\t<div class=\"elementor-element elementor-element-6a00bce e-con-full e-flex pxl-column-none pxl-row-scroll-none pxl-zoom-point-false pxl-section-overflow-visible pxl-section-fix-none pxl-full-content-with-space-none pxl-bg-color-none pxl-backdrop-filter-disable pxl-section-overlay-none e-con e-child\" data-id=\"6a00bce\" data-element_type=\"container\">\t\t<div class=\"elementor-element elementor-element-04fd1dc elementor-widget elementor-widget-pxl_heading\" data-id=\"04fd1dc\" data-element_type=\"widget\" data-widget_type=\"pxl_heading.default\">\n\t\t\t\t<div class=\"elementor-widget-container\">\n\t\t\t\t\t<div id=\"pxl-pxl_heading-04fd1dc-2080\" class=\"pxl-heading\">\n\t<div class=\"pxl-heading--inner\">\n\t\t\n\t\t\t\t\t<div class=\"pxl-item--subtitle\" data-wow-delay=\"ms\">\n\t\t\t\t\t\t\t\t<span class=\"pxl-item--subtext\">\n\t\t\t\t\tStart a conversation\t\t\t\t<\/span>\n\t\t\t<\/div>\n\t\t\n\t\t<h2 class=\"pxl-item--title style-default wow fadeInUp\" data-wow-delay=\"ms\">\n\t\t\t<span class=\"pxl-heading--text\">\n\t\t\tWe are here to assist you\t\n\t\t\t<\/span>\t\n\t\t<\/h2>\n\n\t\t\n\t<\/div>\n<\/div>\t\t\t\t<\/div>\n\t\t\t\t<\/div>\n\t\t<div class=\"elementor-element elementor-element-53ece59 e-con-full e-flex pxl-column-none pxl-row-scroll-none pxl-zoom-point-false pxl-section-overflow-visible pxl-section-fix-none pxl-full-content-with-space-none pxl-bg-color-none pxl-backdrop-filter-disable pxl-section-overlay-none e-con e-child\" data-id=\"53ece59\" data-element_type=\"container\"><div class=\"elementor-element elementor-element-95b8648 e-con-full e-flex pxl-column-none pxl-row-scroll-none pxl-zoom-point-false pxl-section-overflow-visible pxl-section-fix-none pxl-full-content-with-space-none pxl-bg-color-none pxl-backdrop-filter-disable pxl-section-overlay-none elementor-invisible e-con e-child\" data-id=\"95b8648\" data-element_type=\"container\" data-settings=\"{&quot;animation&quot;:&quot;fadeInUp&quot;,&quot;animation_delay&quot;:600}\">\t\t<div class=\"elementor-element elementor-element-8e9e6e5 elementor-widget elementor-widget-pxl_list\" data-id=\"8e9e6e5\" data-element_type=\"widget\" data-widget_type=\"pxl_list.default\">\n\t\t\t\t<div class=\"elementor-widget-container\">\n\t\t\t\t\t    <div class=\"pxl-list pxl-list1 pxl-vertical\">\r\n                    <div class=\"pxl--item\" data-wow-delay=\"ms\">\r\n                <a class=\"pxl-item-link\" >\r\n                                            <div class=\"pxl-item--icon\">\r\n                            <i aria-hidden=\"true\" class=\"far fa-clock\"><\/i>                        <\/div>\r\n                                        <div class=\"pxl-item--text el-empty\">\r\n                        <span>Schedule<\/span>\r\n                    <\/div>\r\n                <\/a>\r\n            <\/div>\r\n            <\/div>\r\n\t\t\t\t<\/div>\n\t\t\t\t<\/div>\n\t\t\t\t<div class=\"elementor-element elementor-element-498383e elementor-widget elementor-widget-pxl_text_editor\" data-id=\"498383e\" data-element_type=\"widget\" data-widget_type=\"pxl_text_editor.default\">\n\t\t\t\t<div class=\"elementor-widget-container\">\n\t\t\t\t\t<div id=\"pxl_text_editor-498383e-6622\" class=\"pxl-image-wg\" duration=\"1\">\n\t<div class=\"pxl-text-editor\">\n\t\t<div class=\"pxl-item--inner\" data-wow-delay=\"ms\">\n\t\t\t<p>Luni- Vineri: 08.00 &#8211; 18.00<\/p>\t\t\n\t\t<\/div>\n\t<\/div>\n<\/div>\t\t\t\t<\/div>\n\t\t\t\t<\/div>\n\t\t\t\t<\/div>\r\n\t\t<div class=\"elementor-element elementor-element-8f4ebb0 e-con-full e-flex pxl-column-none pxl-row-scroll-none pxl-zoom-point-false pxl-section-overflow-visible pxl-section-fix-none pxl-full-content-with-space-none pxl-bg-color-none pxl-backdrop-filter-disable pxl-section-overlay-none elementor-invisible e-con e-child\" data-id=\"8f4ebb0\" data-element_type=\"container\" data-settings=\"{&quot;animation&quot;:&quot;fadeInUp&quot;,&quot;animation_delay&quot;:600}\">\t\t<div class=\"elementor-element elementor-element-a1275b1 elementor-widget elementor-widget-pxl_list\" data-id=\"a1275b1\" data-element_type=\"widget\" data-widget_type=\"pxl_list.default\">\n\t\t\t\t<div class=\"elementor-widget-container\">\n\t\t\t\t\t    <div class=\"pxl-list pxl-list1 pxl-vertical\">\r\n                    <div class=\"pxl--item\" data-wow-delay=\"ms\">\r\n                <a class=\"pxl-item-link\" >\r\n                                            <div class=\"pxl-item--icon\">\r\n                            <i aria-hidden=\"true\" class=\"fas fa-map-marker-alt\"><\/i>                        <\/div>\r\n                                        <div class=\"pxl-item--text el-empty\">\r\n                        <span>Location<\/span>\r\n                    <\/div>\r\n                <\/a>\r\n            <\/div>\r\n            <\/div>\r\n\t\t\t\t<\/div>\n\t\t\t\t<\/div>\n\t\t\t\t<div class=\"elementor-element elementor-element-b0a942d elementor-widget elementor-widget-pxl_text_editor\" data-id=\"b0a942d\" data-element_type=\"widget\" data-widget_type=\"pxl_text_editor.default\">\n\t\t\t\t<div class=\"elementor-widget-container\">\n\t\t\t\t\t<div id=\"pxl_text_editor-b0a942d-1727\" class=\"pxl-image-wg\" duration=\"1\">\n\t<div class=\"pxl-text-editor\">\n\t\t<div class=\"pxl-item--inner\" data-wow-delay=\"ms\">\n\t\t\t<p>Mesterul Manole 9, Chisinau, Moldova<\/p>\t\t\n\t\t<\/div>\n\t<\/div>\n<\/div>\t\t\t\t<\/div>\n\t\t\t\t<\/div>\n\t\t\t\t<\/div>\r\n\t\t\t\t<\/div>\r\n\t\t<div class=\"elementor-element elementor-element-e8e2719 e-con-full e-flex pxl-column-none pxl-row-scroll-none pxl-zoom-point-false pxl-section-overflow-visible pxl-section-fix-none pxl-full-content-with-space-none pxl-bg-color-none pxl-backdrop-filter-disable pxl-section-overlay-none e-con e-child\" data-id=\"e8e2719\" data-element_type=\"container\"><div class=\"elementor-element elementor-element-0e4fd56 e-con-full e-flex pxl-column-none pxl-row-scroll-none pxl-zoom-point-false pxl-section-overflow-visible pxl-section-fix-none pxl-full-content-with-space-none pxl-bg-color-none pxl-backdrop-filter-disable pxl-section-overlay-none elementor-invisible e-con e-child\" data-id=\"0e4fd56\" data-element_type=\"container\" data-settings=\"{&quot;animation&quot;:&quot;fadeInUp&quot;,&quot;animation_delay&quot;:800}\">\t\t<div class=\"elementor-element elementor-element-2429ed8 elementor-widget elementor-widget-pxl_list\" data-id=\"2429ed8\" data-element_type=\"widget\" data-widget_type=\"pxl_list.default\">\n\t\t\t\t<div class=\"elementor-widget-container\">\n\t\t\t\t\t    <div class=\"pxl-list pxl-list1 pxl-vertical\">\r\n                    <div class=\"pxl--item\" data-wow-delay=\"ms\">\r\n                <a class=\"pxl-item-link\" >\r\n                                            <div class=\"pxl-item--icon\">\r\n                            <i aria-hidden=\"true\" class=\"fas fa-phone-alt\"><\/i>                        <\/div>\r\n                                        <div class=\"pxl-item--text el-empty\">\r\n                        <span>Contact us directly<\/span>\r\n                    <\/div>\r\n                <\/a>\r\n            <\/div>\r\n            <\/div>\r\n\t\t\t\t<\/div>\n\t\t\t\t<\/div>\n\t\t\t\t<div class=\"elementor-element elementor-element-1eacee6 elementor-widget elementor-widget-pxl_text_editor\" data-id=\"1eacee6\" data-element_type=\"widget\" data-widget_type=\"pxl_text_editor.default\">\n\t\t\t\t<div class=\"elementor-widget-container\">\n\t\t\t\t\t<div id=\"pxl_text_editor-1eacee6-1507\" class=\"pxl-image-wg\" duration=\"1\">\n\t<div class=\"pxl-text-editor\">\n\t\t<div class=\"pxl-item--inner\" data-wow-delay=\"ms\">\n\t\t\t<p>0795 38 062<\/p>\t\t\n\t\t<\/div>\n\t<\/div>\n<\/div>\t\t\t\t<\/div>\n\t\t\t\t<\/div>\n\t\t\t\t<\/div>\r\n\t\t<div class=\"elementor-element elementor-element-704ed09 e-con-full e-flex pxl-column-none pxl-row-scroll-none pxl-zoom-point-false pxl-section-overflow-visible pxl-section-fix-none pxl-full-content-with-space-none pxl-bg-color-none pxl-backdrop-filter-disable pxl-section-overlay-none elementor-invisible e-con e-child\" data-id=\"704ed09\" data-element_type=\"container\" data-settings=\"{&quot;animation&quot;:&quot;fadeInUp&quot;,&quot;animation_delay&quot;:800}\">\t\t<div class=\"elementor-element elementor-element-48097a4 elementor-widget elementor-widget-pxl_list\" data-id=\"48097a4\" data-element_type=\"widget\" data-widget_type=\"pxl_list.default\">\n\t\t\t\t<div class=\"elementor-widget-container\">\n\t\t\t\t\t    <div class=\"pxl-list pxl-list1 pxl-vertical\">\r\n                    <div class=\"pxl--item\" data-wow-delay=\"ms\">\r\n                <a class=\"pxl-item-link\" >\r\n                                            <div class=\"pxl-item--icon\">\r\n                            <i aria-hidden=\"true\" class=\"fas fa-envelope\"><\/i>                        <\/div>\r\n                                        <div class=\"pxl-item--text el-empty\">\r\n                        <span>Send an mail<\/span>\r\n                    <\/div>\r\n                <\/a>\r\n            <\/div>\r\n            <\/div>\r\n\t\t\t\t<\/div>\n\t\t\t\t<\/div>\n\t\t\t\t<div class=\"elementor-element elementor-element-2b2a1e2 elementor-widget elementor-widget-pxl_text_editor\" data-id=\"2b2a1e2\" data-element_type=\"widget\" data-widget_type=\"pxl_text_editor.default\">\n\t\t\t\t<div class=\"elementor-widget-container\">\n\t\t\t\t\t<div id=\"pxl_text_editor-2b2a1e2-7410\" class=\"pxl-image-wg\" duration=\"1\">\n\t<div class=\"pxl-text-editor\">\n\t\t<div class=\"pxl-item--inner\" data-wow-delay=\"ms\">\n\t\t\t<p>infowatttechnology@mail.ru<\/p>\t\t\n\t\t<\/div>\n\t<\/div>\n<\/div>\t\t\t\t<\/div>\n\t\t\t\t<\/div>\n\t\t\t\t<\/div>\r\n\t\t\t\t<\/div>\r\n\t\t\t\t<\/div>\r\n\t\t<div class=\"elementor-element elementor-element-7602998 e-con-full e-flex pxl-column-none pxl-row-scroll-none pxl-zoom-point-false pxl-section-overflow-visible pxl-section-fix-none pxl-full-content-with-space-none pxl-bg-color-none pxl-backdrop-filter-disable pxl-section-overlay-none e-con e-child\" data-id=\"7602998\" data-element_type=\"container\"><div class=\"elementor-element elementor-element-f7c3499 e-con-full e-flex pxl-column-none pxl-row-scroll-none pxl-zoom-point-false pxl-section-overflow-visible pxl-section-fix-none pxl-full-content-with-space-none pxl-bg-color-none pxl-backdrop-filter-disable pxl-section-overlay-none e-con e-child\" data-id=\"f7c3499\" data-element_type=\"container\" data-settings=\"{&quot;background_background&quot;:&quot;classic&quot;}\"><div class=\"elementor-element elementor-element-4b1e5b7 e-con-full e-flex pxl-column-none pxl-row-scroll-none pxl-zoom-point-false pxl-section-overflow-visible pxl-section-fix-none pxl-full-content-with-space-none pxl-bg-color-none pxl-backdrop-filter-disable pxl-section-overlay-none e-con e-child\" data-id=\"4b1e5b7\" data-element_type=\"container\">\t\t<div class=\"elementor-element elementor-element-30df33e elementor-view-default elementor-widget elementor-widget-icon\" data-id=\"30df33e\" data-element_type=\"widget\" data-widget_type=\"icon.default\">\n\t\t\t\t\t\t\t<div class=\"elementor-icon-wrapper\">\n\t\t\t<div class=\"elementor-icon\">\n\t\t\t<i aria-hidden=\"true\" class=\"far fa-envelope\"><\/i>\t\t\t<\/div>\n\t\t<\/div>\n\t\t\t\t\t\t<\/div>\n\t\t\t\t<div class=\"elementor-element elementor-element-1e54f3d elementor-widget elementor-widget-pxl_heading\" data-id=\"1e54f3d\" data-element_type=\"widget\" data-widget_type=\"pxl_heading.default\">\n\t\t\t\t<div class=\"elementor-widget-container\">\n\t\t\t\t\t<div id=\"pxl-pxl_heading-1e54f3d-8979\" class=\"pxl-heading\">\n\t<div class=\"pxl-heading--inner\">\n\t\t\n\t\t\n\t\t<h2 class=\"pxl-item--title style-scroll-gradient wow fadeInUp\" data-wow-delay=\"200ms\">\n\t\t\t<span class=\"pxl-heading--text\">\n\t\t\tContact us\t\n\t\t\t<\/span>\t\n\t\t<\/h2>\n\n\t\t\n\t<\/div>\n<\/div>\t\t\t\t<\/div>\n\t\t\t\t<\/div>\n\t\t\t\t<\/div>\r\n\t\t\t\t<div class=\"elementor-element elementor-element-3c70521 elementor-widget elementor-widget-pxl_text_editor\" data-id=\"3c70521\" data-element_type=\"widget\" data-widget_type=\"pxl_text_editor.default\">\n\t\t\t\t<div class=\"elementor-widget-container\">\n\t\t\t\t\t<div id=\"pxl_text_editor-3c70521-3517\" class=\"pxl-image-wg\" duration=\"1\">\n\t<div class=\"pxl-text-editor\">\n\t\t<div class=\"pxl-item--inner\" data-wow-delay=\"ms\">\n\t\t\t<p>Schedule a solar panel consultation today and start saving with clean, green energy.<\/p>\t\t\n\t\t<\/div>\n\t<\/div>\n<\/div>\t\t\t\t<\/div>\n\t\t\t\t<\/div>\n\t\t\t\t<div class=\"elementor-element elementor-element-ac6c225 elementor-widget elementor-widget-spacer\" data-id=\"ac6c225\" data-element_type=\"widget\" data-widget_type=\"spacer.default\">\n\t\t\t\t\t\t\t<div class=\"elementor-spacer\">\n\t\t\t<div class=\"elementor-spacer-inner\"><\/div>\n\t\t<\/div>\n\t\t\t\t\t\t<\/div>\n\t\t\t\t<div class=\"elementor-element elementor-element-9e427fa elementor-widget elementor-widget-pxl_contact_form\" data-id=\"9e427fa\" data-element_type=\"widget\" data-widget_type=\"pxl_contact_form.default\">\n\t\t\t\t<div class=\"elementor-widget-container\">\n\t\t\t\t\t    <div class=\"pxl-contact-form pxl-contact-form1 notice-style1  btn-w-auto\" data-wow-delay=\"ms\">\r\n        \n<div class=\"wpcf7 no-js\" id=\"wpcf7-f2041-o1\" lang=\"en-US\" dir=\"ltr\" data-wpcf7-id=\"2041\">\n<div class=\"screen-reader-response\"><p role=\"status\" aria-live=\"polite\" aria-atomic=\"true\"><\/p> <ul><\/ul><\/div>\n<form action=\"\/en\/wp-json\/wp\/v2\/pages\/2012#wpcf7-f2041-o1\" method=\"post\" class=\"wpcf7-form init\" aria-label=\"Contact form\" novalidate=\"novalidate\" data-status=\"init\" data-trp-original-action=\"\/en\/wp-json\/wp\/v2\/pages\/2012#wpcf7-f2041-o1\">\n<fieldset class=\"hidden-fields-container\"><input type=\"hidden\" name=\"_wpcf7\" value=\"2041\" \/><input type=\"hidden\" name=\"_wpcf7_version\" value=\"6.1.4\" \/><input type=\"hidden\" name=\"_wpcf7_locale\" value=\"en_US\" \/><input type=\"hidden\" name=\"_wpcf7_unit_tag\" value=\"wpcf7-f2041-o1\" \/><input type=\"hidden\" name=\"_wpcf7_container_post\" value=\"0\" \/><input type=\"hidden\" name=\"_wpcf7_posted_data_hash\" value=\"\" \/>\n<\/fieldset>\n<div class=\"contact2\">\n\t<div class=\"pxl-select-service\">\n\t\t<div class=\"input-filled\">\n\t\t\t<p><span class=\"wpcf7-form-control-wrap\" data-name=\"menu-258\"><select class=\"wpcf7-form-control wpcf7-select wpcf7-validates-as-required\" aria-required=\"true\" aria-invalid=\"false\" multiple=\"multiple\" name=\"menu-258[]\"><option value=\"Selecteaz\u0103 un serviciu\">Select a service<\/option><option value=\"Instalare Panouri Fotovoltaice\">Installation of Photovoltaic Panels<\/option><option value=\"Mentenan\u021b\u0103 Panouri Fotovoltaice\">Installation of Photovoltaic Panels<\/option><option value=\"\u00cembun\u0103t\u0103\u021bire Sistem Fotovoltaic\">Photovoltaic System Improvement<\/option><option value=\"Consultan\u021b\u0103\">Consulting<\/option><\/select><\/span>\n\t\t\t<\/p>\n\t\t<\/div>\n\t<\/div>\n\t<div class=\"pxl-contact-mail\">\n\t\t<div class=\"row\">\n\t\t\t<div class=\"col-lg-4\">\n\t\t\t\t<div class=\"pxl-item-name\">\n\t\t\t\t\t<div class=\"input-filled name\">\n\t\t\t\t\t\t<p><span class=\"wpcf7-form-control-wrap\" data-name=\"text-707\"><input size=\"40\" maxlength=\"400\" class=\"wpcf7-form-control wpcf7-text wpcf7-validates-as-required\" aria-required=\"true\" aria-invalid=\"false\" placeholder=\"Name Surname\" value=\"\" type=\"text\" name=\"text-707\" \/><\/span>\n\t\t\t\t\t\t<\/p>\n\t\t\t\t\t<\/div>\n\t\t\t\t<\/div>\n\t\t\t<\/div>\n\t\t\t<div class=\"col-lg-4\">\n\t\t\t\t<div class=\"pxl-item-email\">\n\t\t\t\t\t<div class=\"input-filled email\">\n\t\t\t\t\t\t<p><span class=\"wpcf7-form-control-wrap\" data-name=\"email-761\"><input size=\"40\" maxlength=\"400\" class=\"wpcf7-form-control wpcf7-email wpcf7-validates-as-required wpcf7-text wpcf7-validates-as-email\" aria-required=\"true\" aria-invalid=\"false\" placeholder=\"Email\" value=\"\" type=\"email\" name=\"email-761\" \/><\/span>\n\t\t\t\t\t\t<\/p>\n\t\t\t\t\t<\/div>\n\t\t\t\t<\/div>\n\t\t\t<\/div>\n\t\t\t<div class=\"col-lg-4\">\n\t\t\t\t<div class=\"pxl-item-phone\">\n\t\t\t\t\t<div class=\"input-filled phone\">\n\t\t\t\t\t\t<p><span class=\"wpcf7-form-control-wrap\" data-name=\"tel-733\"><input size=\"40\" maxlength=\"400\" class=\"wpcf7-form-control wpcf7-tel wpcf7-validates-as-required wpcf7-text wpcf7-validates-as-tel\" aria-required=\"true\" aria-invalid=\"false\" placeholder=\"Phone number\" value=\"\" type=\"tel\" name=\"tel-733\" \/><\/span>\n\t\t\t\t\t\t<\/p>\n\t\t\t\t\t<\/div>\n\t\t\t\t<\/div>\n\t\t\t<\/div>\n\t\t<\/div>\n\t\t<div class=\"pxl-item-message\">\n\t\t\t<div class=\"input-filled message\">\n\t\t\t\t<p><span class=\"wpcf7-form-control-wrap\" data-name=\"textarea-648\"><textarea cols=\"40\" rows=\"10\" maxlength=\"2000\" class=\"wpcf7-form-control wpcf7-textarea wpcf7-validates-as-required\" aria-required=\"true\" aria-invalid=\"false\" placeholder=\"Your message\" name=\"textarea-648\"><\/textarea><\/span>\n\t\t\t\t<\/p>\n\t\t\t<\/div>\n\t\t<\/div>\n\t\t<div class=\"ct-button\">\n\t\t\t<p><button class=\"btn btn-primary\" type=\"submit\" data-animation=\"pxl-xspin\">Send<\/button>\n\t\t\t<\/p>\n\t\t<\/div>\n\t<\/div>\n<\/div><div class=\"wpcf7-response-output\" aria-hidden=\"true\"><\/div>\n<input type=\"hidden\" name=\"trp-form-language\" value=\"en\"\/><\/form>\n<\/div>\n    <\/div>\r\n\t\t\t\t<\/div>\n\t\t\t\t<\/div>\n\t\t\t\t<\/div>\r\n\t\t\t\t<\/div>\r\n\t\t\t\t\t<\/div>\r\n\t\t\t\t<\/div>\r\n\t\t<div class=\"elementor-element elementor-element-f497e33 e-flex e-con-boxed pxl-column-none pxl-row-scroll-none pxl-zoom-point-false pxl-section-overflow-visible pxl-section-fix-none pxl-full-content-with-space-none pxl-bg-color-none pxl-backdrop-filter-disable pxl-section-overlay-none e-con e-parent\" data-id=\"f497e33\" data-element_type=\"container\">\t\t\t<div class=\"e-con-inner\">\r\n\t\t\t\t<div class=\"elementor-element elementor-element-fcaa907 elementor-widget elementor-widget-google_maps\" data-id=\"fcaa907\" data-element_type=\"widget\" data-widget_type=\"google_maps.default\">\n\t\t\t\t\t\t\t<div class=\"elementor-custom-embed\">\n\t\t\t<iframe loading=\"lazy\"\n\t\t\t\t\tsrc=\"https:\/\/maps.google.com\/maps?q=%20Strada%20Me%C8%99terul%20Manole%209%2F8A%2C%20Chi%C8%99in%C4%83u&#038;t=m&#038;z=12&#038;output=embed&#038;iwloc=near\"\n\t\t\t\t\ttitle=\" Strada Me\u0219terul Manole 9\/8A, Chi\u0219in\u0103u\"\n\t\t\t\t\taria-label=\" Strada Me\u0219terul Manole 9\/8A, Chi\u0219in\u0103u\"\n\t\t\t><\/iframe>\n\t\t<\/div>\n\t\t\t\t\t\t<\/div>\n\t\t\t\t\t<\/div>\r\n\t\t\t\t<\/div>\r\n\t\t\t\t<\/div>","protected":false},"excerpt":{"rendered":"<p>Ini\u021biaz\u0103 o discu\u021bie Suntem aici s\u0103 te ajut\u0103m Program Luni- Vineri: 08.00 &#8211; 18.00 Loca\u021bie Mesterul Manole 9, Chisinau, Moldova Contacteaz\u0103-ne direct 0795 38 062 Trimite un mail infowatttechnology@mail.ru Contacteaz\u0103-ne Programeaz\u0103 o consulta\u021bie pentru panouri solare chiar azi \u0219i \u00eencepe s\u0103 economise\u0219ti cu energie curat\u0103 \u0219i verde. Selecteaz\u0103 un serviciuInstalare Panouri FotovoltaiceMentenan\u021b\u0103 Panouri Fotovoltaice\u00cembun\u0103t\u0103\u021bire Sistem [&hellip;]<\/p>","protected":false},"author":1,"featured_media":0,"parent":0,"menu_order":0,"comment_status":"closed","ping_status":"closed","template":"","meta":{"footnotes":""},"class_list":["post-2012","page","type-page","status-publish","hentry"],"_hostinger_reach_plugin_has_subscription_block":false,"_hostinger_reach_plugin_is_elementor":false,"_links":{"self":[{"href":"https:\/\/watttechnology.acvantic.md\/en\/wp-json\/wp\/v2\/pages\/2012","targetHints":{"allow":["GET"]}}],"collection":[{"href":"https:\/\/watttechnology.acvantic.md\/en\/wp-json\/wp\/v2\/pages"}],"about":[{"href":"https:\/\/watttechnology.acvantic.md\/en\/wp-json\/wp\/v2\/types\/page"}],"author":[{"embeddable":true,"href":"https:\/\/watttechnology.acvantic.md\/en\/wp-json\/wp\/v2\/users\/1"}],"replies":[{"embeddable":true,"href":"https:\/\/watttechnology.acvantic.md\/en\/wp-json\/wp\/v2\/comments?post=2012"}],"version-history":[{"count":34,"href":"https:\/\/watttechnology.acvantic.md\/en\/wp-json\/wp\/v2\/pages\/2012\/revisions"}],"predecessor-version":[{"id":4634,"href":"https:\/\/watttechnology.acvantic.md\/en\/wp-json\/wp\/v2\/pages\/2012\/revisions\/4634"}],"wp:attachment":[{"href":"https:\/\/watttechnology.acvantic.md\/en\/wp-json\/wp\/v2\/media?parent=2012"}],"curies":[{"name":"wp","href":"https:\/\/api.w.org\/{rel}","templated":true}]}}