{"id":1453,"date":"2025-11-04T15:13:51","date_gmt":"2025-11-04T15:13:51","guid":{"rendered":"https:\/\/solaria.bravisthemes.com\/?page_id=1453"},"modified":"2025-12-29T16:17:42","modified_gmt":"2025-12-29T16:17:42","slug":"despre-noi","status":"publish","type":"page","link":"https:\/\/watttechnology.acvantic.md\/en\/despre-noi\/","title":{"rendered":"About us"},"content":{"rendered":"<div data-elementor-type=\"wp-page\" data-elementor-id=\"1453\" class=\"elementor elementor-1453\">\n\t\t\t\t<div class=\"elementor-element elementor-element-b575bc6 e-flex e-con-boxed pxl-column-none pxl-row-scroll-none pxl-zoom-point-false pxl-section-overflow-visible pxl-section-fix-none pxl-full-content-with-space-none pxl-bg-color-none pxl-backdrop-filter-disable pxl-section-overlay-none e-con e-parent\" data-id=\"b575bc6\" data-element_type=\"container\" data-settings=\"{&quot;background_background&quot;:&quot;classic&quot;}\">\t\t\t<div class=\"e-con-inner\">\r\n\t\t<div class=\"elementor-element elementor-element-40c988c e-flex e-con-boxed pxl-column-none pxl-row-scroll-none pxl-zoom-point-false pxl-section-overflow-visible pxl-section-fix-none pxl-full-content-with-space-none pxl-bg-color-none pxl-backdrop-filter-disable pxl-section-overlay-none e-con e-child\" data-id=\"40c988c\" data-element_type=\"container\">\t\t\t<div class=\"e-con-inner\">\r\n\t\t\t\t<div class=\"elementor-element elementor-element-ad83b09 elementor-absolute elementor-widget__width-initial elementor-widget elementor-widget-pxl_counter\" data-id=\"ad83b09\" data-element_type=\"widget\" data-settings=\"{&quot;_position&quot;:&quot;absolute&quot;,&quot;_animation&quot;:&quot;none&quot;}\" data-widget_type=\"pxl_counter.default\">\n\t\t\t\t<div class=\"elementor-widget-container\">\n\t\t\t\t\t<div class=\"pxl-counter pxl-counter1 pxl-blur\" data-wow-delay=\"ms\">\r\n    <div class=\"pxl--item-inner\">\r\n        <div class=\"pxl--counter-meta\">\r\n            <h3 class=\"pxl--counter-number\">\r\n                <span class=\"pxl--counter-value effect-default\" data-duration=\"2000\" data-startnumber=\"1\" data-endnumber=\"100\" data-to-value=\"100\" data-delimiter=\"\">1<\/span>\r\n                                    <span class=\"pxl--counter-suffix\">%<\/span>\r\n                                <\/h3>\r\n                            <div class=\"pxl--item-title\">Satisfied customers<\/div>\r\n                    <\/div>\r\n    <\/div>\r\n<\/div>\t\t\t\t<\/div>\n\t\t\t\t<\/div>\n\t\t\t\t<div class=\"elementor-element elementor-element-bb2a2a5 elementor-widget-mobile_extra__width-initial elementor-widget elementor-widget-pxl_image\" data-id=\"bb2a2a5\" data-element_type=\"widget\" data-widget_type=\"pxl_image.default\">\n\t\t\t\t<div class=\"elementor-widget-container\">\n\t\t\t\t\t<div id=\"pxl_image-bb2a2a5-9904\"  class=\"pxl-image-single\" \r\n     data-parallax-value=\"0\">\r\n    <div class=\"pxl-item--inner wow zoomInSmall\" data-wow-delay=\"ms\">\r\n                                    <div class=\"pxl-item--image\" >\r\n                                            <img fetchpriority=\"high\" decoding=\"async\" class=\"no-lazyload\" src=\"https:\/\/watttechnology.acvantic.md\/wp-content\/uploads\/2025\/12\/Echipa2-554x554.png\" width=\"554\" height=\"554\" alt=\"Echipa2\" title=\"Echipa2\" \/>                                    <\/div>\r\n                                                                    <\/div>\r\n<\/div>\r\n\t\t\t\t<\/div>\n\t\t\t\t<\/div>\n\t\t\t\t<div class=\"elementor-element elementor-element-b5769db elementor-absolute elementor-widget elementor-widget-pxl_image\" data-id=\"b5769db\" data-element_type=\"widget\" data-settings=\"{&quot;_position&quot;:&quot;absolute&quot;}\" data-widget_type=\"pxl_image.default\">\n\t\t\t\t<div class=\"elementor-widget-container\">\n\t\t\t\t\t<div id=\"pxl_image-b5769db-5573\"  class=\"pxl-image-single pxl-parallax-scroll\" \r\n         data-parallax='{&quot;y&quot;:20}'\r\ndata-parallax-value=\"0\">\r\n    <div class=\"pxl-item--inner wow zoomInSmall\" data-wow-delay=\"200ms\">\r\n                                    <div class=\"pxl-item--image\" >\r\n                                            <img decoding=\"async\" class=\"no-lazyload\" src=\"https:\/\/watttechnology.acvantic.md\/wp-content\/uploads\/2025\/12\/WhatsApp-Image-2025-12-17-at-12.08.45-308x308.jpeg\" width=\"308\" height=\"308\" alt=\"WhatsApp Image 2025-12-17 at 12.08.45\" title=\"WhatsApp Image 2025-12-17 at 12.08.45\" \/>                                    <\/div>\r\n                                                                    <\/div>\r\n<\/div>\r\n\t\t\t\t<\/div>\n\t\t\t\t<\/div>\n\t\t\t\t\t<\/div>\r\n\t\t\t\t<\/div>\r\n\t\t<div class=\"elementor-element elementor-element-e23331d e-flex e-con-boxed pxl-column-none pxl-row-scroll-none pxl-zoom-point-false pxl-section-overflow-visible pxl-section-fix-none pxl-full-content-with-space-none pxl-bg-color-none pxl-backdrop-filter-disable pxl-section-overlay-none e-con e-child\" data-id=\"e23331d\" data-element_type=\"container\">\t\t\t<div class=\"e-con-inner\">\r\n\t\t\t\t<div class=\"elementor-element elementor-element-e549f16 elementor-widget__width-auto elementor-widget elementor-widget-pxl_heading\" data-id=\"e549f16\" data-element_type=\"widget\" data-widget_type=\"pxl_heading.default\">\n\t\t\t\t<div class=\"elementor-widget-container\">\n\t\t\t\t\t<div id=\"pxl-pxl_heading-e549f16-2335\" class=\"pxl-heading\">\n\t<div class=\"pxl-heading--inner\">\n\t\t\n\t\t\t\t\t<div class=\"pxl-item--subtitle wow fadeInUp\" data-wow-delay=\"ms\">\n\t\t\t\t\t\t\t\t<span class=\"pxl-item--subtext\">\n\t\t\t\t\tAbout us\t\t\t\t<\/span>\n\t\t\t<\/div>\n\t\t\n\t\t<h2 class=\"pxl-item--title style-default wow fadeInUp\" data-wow-delay=\"200ms\">\n\t\t\t<span class=\"pxl-heading--text\">\n\t\t\tEfficient photovoltaic solutions, built on experience\t\n\t\t\t<\/span>\t\n\t\t<\/h2>\n\n\t\t\n\t<\/div>\n<\/div>\t\t\t\t<\/div>\n\t\t\t\t<\/div>\n\t\t\t\t<div class=\"elementor-element elementor-element-d90724e elementor-widget elementor-widget-pxl_text_editor\" data-id=\"d90724e\" data-element_type=\"widget\" data-widget_type=\"pxl_text_editor.default\">\n\t\t\t\t<div class=\"elementor-widget-container\">\n\t\t\t\t\t<div id=\"pxl_text_editor-d90724e-6210\" class=\"pxl-image-wg\" duration=\"1\">\n\t<div class=\"pxl-text-editor\">\n\t\t<div class=\"pxl-item--inner\" data-wow-delay=\"ms\">\n\t\t\t<p data-start=\"273\" data-end=\"578\">At Watt Technology, we have been transforming solar energy into real savings for over 16 years. With solid experience in the field of photovoltaic systems, we help residential and business customers reduce their energy bills and achieve energy independence through modern, safe, and efficient solutions.<\/p><p data-start=\"273\" data-end=\"578\">Over the years, we have installed photovoltaic systems tailored to each type of consumption, using high-quality solar panels and inverters, tested for performance and long-term durability. Each project is custom-designed according to the customer's actual needs and the energy potential of the location. We believe that the transition to solar energy should be simple and transparent. That is why we offer complete solutions, from consulting and design to installation, commissioning, and post-installation support.<\/p><p data-start=\"273\" data-end=\"578\">We are guided by clear principles: quality, fairness, and responsibility towards our customers. Watt Technology is not just a solar panel installer\u2014it is a trusted partner in the transition to a cleaner, more efficient, and more sustainable future.<\/p>\t\t\n\t\t<\/div>\n\t<\/div>\n<\/div>\t\t\t\t<\/div>\n\t\t\t\t<\/div>\n\t\t\t\t\t<\/div>\r\n\t\t\t\t<\/div>\r\n\t\t\t\t\t<\/div>\r\n\t\t\t\t<\/div>\r\n\t\t<div class=\"elementor-element elementor-element-6db61d1 e-flex e-con-boxed pxl-column-none pxl-row-scroll-none pxl-zoom-point-false pxl-section-overflow-visible pxl-section-fix-none pxl-full-content-with-space-none pxl-bg-color-none pxl-backdrop-filter-disable pxl-section-overlay-none e-con e-parent\" data-id=\"6db61d1\" data-element_type=\"container\" data-settings=\"{&quot;background_background&quot;:&quot;classic&quot;}\">\t\t\t<div class=\"e-con-inner\">\r\n\t\t<div class=\"elementor-element elementor-element-c683cc8 e-con-full e-flex pxl-column-none pxl-row-scroll-none pxl-zoom-point-false pxl-section-overflow-visible pxl-section-fix-none pxl-full-content-with-space-none pxl-bg-color-none pxl-backdrop-filter-disable pxl-section-overlay-none e-con e-child\" data-id=\"c683cc8\" data-element_type=\"container\"><div class=\"elementor-element elementor-element-f85c638 e-con-full e-flex pxl-column-none pxl-row-scroll-none pxl-zoom-point-false pxl-section-overflow-visible pxl-section-fix-none pxl-full-content-with-space-none pxl-bg-color-none pxl-backdrop-filter-disable pxl-section-overlay-none e-con e-child\" data-id=\"f85c638\" data-element_type=\"container\">\t\t<div class=\"elementor-element elementor-element-80b300f elementor-widget elementor-widget-pxl_heading\" data-id=\"80b300f\" data-element_type=\"widget\" data-widget_type=\"pxl_heading.default\">\n\t\t\t\t<div class=\"elementor-widget-container\">\n\t\t\t\t\t<div id=\"pxl-pxl_heading-80b300f-8422\" class=\"pxl-heading\">\n\t<div class=\"pxl-heading--inner\">\n\t\t\n\t\t\n\t\t<h4 class=\"pxl-item--title style-default wow fadeInRight\" data-wow-delay=\"ms\">\n\t\t\t<span class=\"pxl-heading--text\">\n\t\t\tOur vision\t\n\t\t\t<\/span>\t\n\t\t<\/h4>\n\n\t\t\n\t<\/div>\n<\/div>\t\t\t\t<\/div>\n\t\t\t\t<\/div>\n\t\t\t\t<div class=\"elementor-element elementor-element-241a411 elementor-widget elementor-widget-pxl_text_editor\" data-id=\"241a411\" data-element_type=\"widget\" data-widget_type=\"pxl_text_editor.default\">\n\t\t\t\t<div class=\"elementor-widget-container\">\n\t\t\t\t\t<div id=\"pxl_text_editor-241a411-1019\" class=\"pxl-image-wg\" duration=\"1\">\n\t<div class=\"pxl-text-editor\">\n\t\t<div class=\"pxl-item--inner wow fadeInUp\" data-wow-delay=\"ms\">\n\t\t\t<p>We aim to provide homes, communities, and businesses with clean, affordable, and secure solar energy, helping to reduce environmental impact and increase energy independence. We envision a future where renewable energy is the norm, and every customer benefits from sustainable solutions that provide long-term financial stability and a healthier environment for future generations.<\/p>\t\t\n\t\t<\/div>\n\t<\/div>\n<\/div>\t\t\t\t<\/div>\n\t\t\t\t<\/div>\n\t\t\t\t<\/div>\r\n\t\t<div class=\"elementor-element elementor-element-ab59275 e-con-full e-flex pxl-column-none pxl-row-scroll-none pxl-zoom-point-false pxl-section-overflow-visible pxl-section-fix-none pxl-full-content-with-space-none pxl-bg-color-none pxl-backdrop-filter-disable pxl-section-overlay-none e-con e-child\" data-id=\"ab59275\" data-element_type=\"container\">\t\t<div class=\"elementor-element elementor-element-e9ab048 elementor-widget elementor-widget-pxl_heading\" data-id=\"e9ab048\" data-element_type=\"widget\" data-widget_type=\"pxl_heading.default\">\n\t\t\t\t<div class=\"elementor-widget-container\">\n\t\t\t\t\t<div id=\"pxl-pxl_heading-e9ab048-7850\" class=\"pxl-heading\">\n\t<div class=\"pxl-heading--inner\">\n\t\t\n\t\t\n\t\t<h4 class=\"pxl-item--title style-default wow fadeInRight\" data-wow-delay=\"ms\">\n\t\t\t<span class=\"pxl-heading--text\">\n\t\t\tOur mission\t\n\t\t\t<\/span>\t\n\t\t<\/h4>\n\n\t\t\n\t<\/div>\n<\/div>\t\t\t\t<\/div>\n\t\t\t\t<\/div>\n\t\t\t\t<div class=\"elementor-element elementor-element-734fed3 elementor-widget elementor-widget-pxl_meta\" data-id=\"734fed3\" data-element_type=\"widget\" data-widget_type=\"pxl_meta.default\">\n\t\t\t\t<div class=\"elementor-widget-container\">\n\t\t\t\t\t    <div class=\"pxl-meta pxl-meta1 style2\">\r\n    \t<div class=\"pxl-meta-inner\">\r\n    \t\t\t            <div class=\"pxl-item wow fadeInUp\" data-wow-delay=\"200ms\">\r\n\t\t\t\t\t\t\t\t\t\t\t<div class=\"pxl-item-number\">\r\n\t\t                    1\t\t                <\/div>\r\n\t                \t                <div class=\"pxl-item-content\">\r\n\t\t\t\t\t\t\t\t\t\t\t\t\t\t\t\t\t\t\t\t\t\t\t\t\t\t\t<span class=\"pxl-item-title\">\r\n\t\t\t\t\t\t\t\t\tAccess to clean energy\t\t\t\t\t\t\t\t<\/span>\r\n\t\t                \t\r\n\t\t\t\t\t\t\t\t\t\t\t\t\t\t\tWe want to make solar energy easily accessible and efficient for everyone, reducing dependence on traditional sources and high electricity costs.\t\t\t\t\t\t\t\t\t\t\t\t\t\t                <\/div>\r\n\t            <\/div>\r\n\t        \t            <div class=\"pxl-item wow fadeInUp\" data-wow-delay=\"200ms\">\r\n\t\t\t\t\t\t\t\t\t\t\t<div class=\"pxl-item-number\">\r\n\t\t                    2\t\t                <\/div>\r\n\t                \t                <div class=\"pxl-item-content\">\r\n\t\t\t\t\t\t\t\t\t\t\t\t\t\t\t\t\t\t\t\t\t\t\t\t\t\t\t<span class=\"pxl-item-title\">\r\n\t\t\t\t\t\t\t\t\tReal sustainability\t\t\t\t\t\t\t\t<\/span>\r\n\t\t                \t\r\n\t\t\t\t\t\t\t\t\t\t\t\t\t\t\tWe implement modern photovoltaic technologies that reduce carbon footprint and support an environmentally responsible lifestyle, without compromising on performance.\t\t\t\t\t\t\t\t\t\t\t\t\t\t                <\/div>\r\n\t            <\/div>\r\n\t        \t            <div class=\"pxl-item wow fadeInUp\" data-wow-delay=\"200ms\">\r\n\t\t\t\t\t\t\t\t\t\t\t<div class=\"pxl-item-number\">\r\n\t\t                    3\t\t                <\/div>\r\n\t                \t                <div class=\"pxl-item-content\">\r\n\t\t\t\t\t\t\t\t\t\t\t\t\t\t\t\t\t\t\t\t\t\t\t\t\t\t\t<span class=\"pxl-item-title\">\r\n\t\t\t\t\t\t\t\t\tExcellence and reliability\t\t\t\t\t\t\t\t<\/span>\r\n\t\t                \t\r\n\t\t\t\t\t\t\t\t\t\t\t\t\t\t\tWith over 16 years of experience, we deliver high-quality photovoltaic systems, correctly installed and backed by professional services, for safe operation and long-term customer satisfaction.\t\t\t\t\t\t\t\t\t\t\t\t\t\t                <\/div>\r\n\t            <\/div>\r\n\t            \t<\/div>\r\n    <\/div>\r\n\t\t\t\t<\/div>\n\t\t\t\t<\/div>\n\t\t\t\t<\/div>\r\n\t\t\t\t<\/div>\r\n\t\t\t\t\t<\/div>\r\n\t\t\t\t<\/div>\r\n\t\t<div class=\"elementor-element elementor-element-e711f7c e-flex e-con-boxed pxl-column-none pxl-row-scroll-none pxl-zoom-point-false pxl-section-overflow-visible pxl-section-fix-none pxl-full-content-with-space-none pxl-bg-color-none pxl-backdrop-filter-disable pxl-section-overlay-none e-con e-parent\" data-id=\"e711f7c\" data-element_type=\"container\" data-settings=\"{&quot;background_background&quot;:&quot;classic&quot;}\">\t\t\t<div class=\"e-con-inner\">\r\n\t\t<div class=\"elementor-element elementor-element-903e8fd e-con-full e-flex pxl-column-none pxl-row-scroll-none pxl-zoom-point-false pxl-section-overflow-visible pxl-section-fix-none pxl-full-content-with-space-none pxl-bg-color-none pxl-backdrop-filter-disable pxl-section-overlay-none e-con e-child\" data-id=\"903e8fd\" data-element_type=\"container\">\t\t<div class=\"elementor-element elementor-element-d00306e elementor-widget-mobile__width-inherit elementor-widget elementor-widget-pxl_icon_box\" data-id=\"d00306e\" data-element_type=\"widget\" data-widget_type=\"pxl_icon_box.default\">\n\t\t\t\t<div class=\"elementor-widget-container\">\n\t\t\t\t\t<div class=\"pxl-icon-box pxl-icon-box1 style2\">\r\n\t<div class=\"pxl-item-inner wow fadeInRight\" data-wow-delay=\"ms\">\r\n                    <div class=\"pxl-item--icon\">\r\n                <i aria-hidden=\"true\" class=\"fal fa-phone-alt\"><\/i>            <\/div>\r\n                \t\t<div class=\"pxl-meta-content\">\r\n                            <h4 class=\"pxl-item-title\">\r\n                    Contact us directly                <\/h4>\r\n                                        <span class=\"pxl-item-desc\">\r\n                    079 538 062                <\/span>\r\n            \t\t<\/div>\r\n\t<\/div>\r\n<\/div>\t\t\t\t<\/div>\n\t\t\t\t<\/div>\n\t\t\t\t<\/div>\r\n\t\t<div class=\"elementor-element elementor-element-2e2b001 e-con-full e-flex pxl-column-none pxl-row-scroll-none pxl-zoom-point-false pxl-section-overflow-visible pxl-section-fix-none pxl-full-content-with-space-none pxl-bg-color-none pxl-backdrop-filter-disable pxl-section-overlay-none e-con e-child\" data-id=\"2e2b001\" data-element_type=\"container\">\t\t<div class=\"elementor-element elementor-element-752cc06 elementor-widget-mobile__width-inherit elementor-widget elementor-widget-pxl_icon_box\" data-id=\"752cc06\" data-element_type=\"widget\" data-widget_type=\"pxl_icon_box.default\">\n\t\t\t\t<div class=\"elementor-widget-container\">\n\t\t\t\t\t<div class=\"pxl-icon-box pxl-icon-box1 style2\">\r\n\t<div class=\"pxl-item-inner wow fadeInRight\" data-wow-delay=\"200ms\">\r\n                    <div class=\"pxl-item--icon\">\r\n                <i aria-hidden=\"true\" class=\"far fa-clock\"><\/i>            <\/div>\r\n                \t\t<div class=\"pxl-meta-content\">\r\n                            <h4 class=\"pxl-item-title\">\r\n                    Schedule                <\/h4>\r\n                                        <span class=\"pxl-item-desc\">\r\n                    Monday-Friday: 8:00 a.m. - 6:00 p.m.                <\/span>\r\n            \t\t<\/div>\r\n\t<\/div>\r\n<\/div>\t\t\t\t<\/div>\n\t\t\t\t<\/div>\n\t\t\t\t<\/div>\r\n\t\t<div class=\"elementor-element elementor-element-636baf8 e-con-full e-flex pxl-column-none pxl-row-scroll-none pxl-zoom-point-false pxl-section-overflow-visible pxl-section-fix-none pxl-full-content-with-space-none pxl-bg-color-none pxl-backdrop-filter-disable pxl-section-overlay-none e-con e-child\" data-id=\"636baf8\" data-element_type=\"container\">\t\t<div class=\"elementor-element elementor-element-05806f5 elementor-widget-mobile__width-inherit elementor-widget elementor-widget-pxl_icon_box\" data-id=\"05806f5\" data-element_type=\"widget\" data-widget_type=\"pxl_icon_box.default\">\n\t\t\t\t<div class=\"elementor-widget-container\">\n\t\t\t\t\t<div class=\"pxl-icon-box pxl-icon-box1 style2\">\r\n\t<div class=\"pxl-item-inner wow fadeInRight\" data-wow-delay=\"400ms\">\r\n                    <div class=\"pxl-item--icon\">\r\n                <i aria-hidden=\"true\" class=\"fal fa-map-marker-alt\"><\/i>            <\/div>\r\n                \t\t<div class=\"pxl-meta-content\">\r\n                            <h4 class=\"pxl-item-title\">\r\n                    Location                <\/h4>\r\n                                        <span class=\"pxl-item-desc\">\r\n                    Mesterul Manole 9, Chisinau, Moldova                <\/span>\r\n            \t\t<\/div>\r\n\t<\/div>\r\n<\/div>\t\t\t\t<\/div>\n\t\t\t\t<\/div>\n\t\t\t\t<\/div>\r\n\t\t\t\t\t<\/div>\r\n\t\t\t\t<\/div>\r\n\t\t\t\t<\/div>","protected":false},"excerpt":{"rendered":"<p>1 % Clien\u021bi mul\u021bumi\u021bi Despre noi Solu\u021bii fotovoltaice eficiente, construite pe experien\u021b\u0103 La Watt Technology, transform\u0103m energia solar\u0103 \u00een economii reale de peste 16 ani. Cu o experien\u021b\u0103 solid\u0103 \u00een domeniul sistemelor fotovoltaice, ajut\u0103m clien\u021bii reziden\u021biali \u0219i business s\u0103 \u00ee\u0219i reduc\u0103 facturile la energie \u0219i s\u0103 ob\u021bin\u0103 independen\u021b\u0103 energetic\u0103 prin solu\u021bii moderne, sigure \u0219i eficiente. [&hellip;]<\/p>","protected":false},"author":1,"featured_media":0,"parent":0,"menu_order":0,"comment_status":"closed","ping_status":"closed","template":"","meta":{"footnotes":""},"class_list":["post-1453","page","type-page","status-publish","hentry"],"_hostinger_reach_plugin_has_subscription_block":false,"_hostinger_reach_plugin_is_elementor":false,"_links":{"self":[{"href":"https:\/\/watttechnology.acvantic.md\/en\/wp-json\/wp\/v2\/pages\/1453","targetHints":{"allow":["GET"]}}],"collection":[{"href":"https:\/\/watttechnology.acvantic.md\/en\/wp-json\/wp\/v2\/pages"}],"about":[{"href":"https:\/\/watttechnology.acvantic.md\/en\/wp-json\/wp\/v2\/types\/page"}],"author":[{"embeddable":true,"href":"https:\/\/watttechnology.acvantic.md\/en\/wp-json\/wp\/v2\/users\/1"}],"replies":[{"embeddable":true,"href":"https:\/\/watttechnology.acvantic.md\/en\/wp-json\/wp\/v2\/comments?post=1453"}],"version-history":[{"count":22,"href":"https:\/\/watttechnology.acvantic.md\/en\/wp-json\/wp\/v2\/pages\/1453\/revisions"}],"predecessor-version":[{"id":4633,"href":"https:\/\/watttechnology.acvantic.md\/en\/wp-json\/wp\/v2\/pages\/1453\/revisions\/4633"}],"wp:attachment":[{"href":"https:\/\/watttechnology.acvantic.md\/en\/wp-json\/wp\/v2\/media?parent=1453"}],"curies":[{"name":"wp","href":"https:\/\/api.w.org\/{rel}","templated":true}]}}